{"id":259,"date":"2025-06-05T15:41:08","date_gmt":"2025-06-05T18:41:08","guid":{"rendered":"http:\/\/localhost:8080\/website-voce-dm\/?page_id=259"},"modified":"2025-12-02T15:09:44","modified_gmt":"2025-12-02T18:09:44","slug":"dm-app","status":"publish","type":"page","link":"https:\/\/www.vocedm.com.br\/portal\/dm-app\/","title":{"rendered":"DM App"},"content":{"rendered":"","protected":false},"excerpt":{"rendered":"","protected":false},"author":1,"featured_media":0,"parent":0,"menu_order":0,"comment_status":"closed","ping_status":"closed","template":"templates\/dm-app.php","meta":{"_acf_changed":false,"inline_featured_image":false,"footnotes":""},"class_list":["post-259","page","type-page","status-publish","hentry"],"acf":[],"yoast_head":"<!-- This site is optimized with the Yoast SEO plugin v25.6 - https:\/\/yoast.com\/wordpress\/plugins\/seo\/ -->\n<title>DM App: conta digital, cr\u00e9dito e Pix<\/title>\n<meta name=\"description\" content=\"Baixe o aplicativo, fa\u00e7a seu cadastro e abra uma conta digital gratuita pra aproveitar todos os benef\u00edcios que a DM tem pra voc\u00ea!\" \/>\n<meta name=\"robots\" content=\"index, follow, max-snippet:-1, max-image-preview:large, max-video-preview:-1\" \/>\n<link rel=\"canonical\" href=\"https:\/\/www.vocedm.com.br\/portal\/dm-app\/\" \/>\n<meta property=\"og:locale\" content=\"pt_BR\" \/>\n<meta property=\"og:type\" content=\"article\" \/>\n<meta property=\"og:title\" content=\"DM App: conta digital, cr\u00e9dito e Pix\" \/>\n<meta property=\"og:description\" content=\"Baixe o aplicativo, fa\u00e7a seu cadastro e abra uma conta digital gratuita pra aproveitar todos os benef\u00edcios que a DM tem pra voc\u00ea!\" \/>\n<meta property=\"og:url\" content=\"https:\/\/www.vocedm.com.br\/portal\/dm-app\/\" \/>\n<meta property=\"og:site_name\" content=\"DM\" \/>\n<meta property=\"article:modified_time\" content=\"2025-12-02T18:09:44+00:00\" \/>\n<meta name=\"twitter:card\" content=\"summary_large_image\" \/>\n<meta name=\"twitter:label1\" content=\"Est. tempo de leitura\" \/>\n\t<meta name=\"twitter:data1\" content=\"4 minutos\" \/>\n<script type=\"application\/ld+json\" class=\"yoast-schema-graph\">{\"@context\":\"https:\/\/schema.org\",\"@graph\":[{\"@type\":\"WebPage\",\"@id\":\"https:\/\/www.vocedm.com.br\/portal\/dm-app\/\",\"url\":\"https:\/\/www.vocedm.com.br\/portal\/dm-app\/\",\"name\":\"DM App: conta digital, cr\u00e9dito e Pix\",\"isPartOf\":{\"@id\":\"https:\/\/www.vocedm.com.br\/portal\/#website\"},\"datePublished\":\"2025-06-05T18:41:08+00:00\",\"dateModified\":\"2025-12-02T18:09:44+00:00\",\"description\":\"Baixe o aplicativo, fa\u00e7a seu cadastro e abra uma conta digital gratuita pra aproveitar todos os benef\u00edcios que a DM tem pra voc\u00ea!\",\"breadcrumb\":{\"@id\":\"https:\/\/www.vocedm.com.br\/portal\/dm-app\/#breadcrumb\"},\"inLanguage\":\"pt-BR\",\"potentialAction\":[{\"@type\":\"ReadAction\",\"target\":[\"https:\/\/www.vocedm.com.br\/portal\/dm-app\/\"]}]},{\"@type\":\"BreadcrumbList\",\"@id\":\"https:\/\/www.vocedm.com.br\/portal\/dm-app\/#breadcrumb\",\"itemListElement\":[{\"@type\":\"ListItem\",\"position\":1,\"name\":\"In\u00edcio\",\"item\":\"https:\/\/www.vocedm.com.br\/portal\/\"},{\"@type\":\"ListItem\",\"position\":2,\"name\":\"DM App\"}]},{\"@type\":\"WebSite\",\"@id\":\"https:\/\/www.vocedm.com.br\/portal\/#website\",\"url\":\"https:\/\/www.vocedm.com.br\/portal\/\",\"name\":\"DM\",\"description\":\"cart\u00e3o de loja, cart\u00e3o de cr\u00e9dito e mais\",\"publisher\":{\"@id\":\"https:\/\/www.vocedm.com.br\/portal\/#organization\"},\"potentialAction\":[{\"@type\":\"SearchAction\",\"target\":{\"@type\":\"EntryPoint\",\"urlTemplate\":\"https:\/\/www.vocedm.com.br\/portal\/?s={search_term_string}\"},\"query-input\":{\"@type\":\"PropertyValueSpecification\",\"valueRequired\":true,\"valueName\":\"search_term_string\"}}],\"inLanguage\":\"pt-BR\"},{\"@type\":\"Organization\",\"@id\":\"https:\/\/www.vocedm.com.br\/portal\/#organization\",\"name\":\"DM\",\"url\":\"https:\/\/www.vocedm.com.br\/portal\/\",\"logo\":{\"@type\":\"ImageObject\",\"inLanguage\":\"pt-BR\",\"@id\":\"https:\/\/www.vocedm.com.br\/portal\/#\/schema\/logo\/image\/\",\"url\":\"https:\/\/www.vocedm.com.br\/portal\/wp-content\/uploads\/2025\/06\/logo_main_blue.svg\",\"contentUrl\":\"https:\/\/www.vocedm.com.br\/portal\/wp-content\/uploads\/2025\/06\/logo_main_blue.svg\",\"width\":39,\"height\":40,\"caption\":\"DM\"},\"image\":{\"@id\":\"https:\/\/www.vocedm.com.br\/portal\/#\/schema\/logo\/image\/\"}}]}<\/script>\n<!-- \/ Yoast SEO plugin. -->","yoast_head_json":{"title":"DM App: conta digital, cr\u00e9dito e Pix","description":"Baixe o aplicativo, fa\u00e7a seu cadastro e abra uma conta digital gratuita pra aproveitar todos os benef\u00edcios que a DM tem pra voc\u00ea!","robots":{"index":"index","follow":"follow","max-snippet":"max-snippet:-1","max-image-preview":"max-image-preview:large","max-video-preview":"max-video-preview:-1"},"canonical":"https:\/\/www.vocedm.com.br\/portal\/dm-app\/","og_locale":"pt_BR","og_type":"article","og_title":"DM App: conta digital, cr\u00e9dito e Pix","og_description":"Baixe o aplicativo, fa\u00e7a seu cadastro e abra uma conta digital gratuita pra aproveitar todos os benef\u00edcios que a DM tem pra voc\u00ea!","og_url":"https:\/\/www.vocedm.com.br\/portal\/dm-app\/","og_site_name":"DM","article_modified_time":"2025-12-02T18:09:44+00:00","twitter_card":"summary_large_image","twitter_misc":{"Est. tempo de leitura":"4 minutos"},"schema":{"@context":"https:\/\/schema.org","@graph":[{"@type":"WebPage","@id":"https:\/\/www.vocedm.com.br\/portal\/dm-app\/","url":"https:\/\/www.vocedm.com.br\/portal\/dm-app\/","name":"DM App: conta digital, cr\u00e9dito e Pix","isPartOf":{"@id":"https:\/\/www.vocedm.com.br\/portal\/#website"},"datePublished":"2025-06-05T18:41:08+00:00","dateModified":"2025-12-02T18:09:44+00:00","description":"Baixe o aplicativo, fa\u00e7a seu cadastro e abra uma conta digital gratuita pra aproveitar todos os benef\u00edcios que a DM tem pra voc\u00ea!","breadcrumb":{"@id":"https:\/\/www.vocedm.com.br\/portal\/dm-app\/#breadcrumb"},"inLanguage":"pt-BR","potentialAction":[{"@type":"ReadAction","target":["https:\/\/www.vocedm.com.br\/portal\/dm-app\/"]}]},{"@type":"BreadcrumbList","@id":"https:\/\/www.vocedm.com.br\/portal\/dm-app\/#breadcrumb","itemListElement":[{"@type":"ListItem","position":1,"name":"In\u00edcio","item":"https:\/\/www.vocedm.com.br\/portal\/"},{"@type":"ListItem","position":2,"name":"DM App"}]},{"@type":"WebSite","@id":"https:\/\/www.vocedm.com.br\/portal\/#website","url":"https:\/\/www.vocedm.com.br\/portal\/","name":"DM","description":"cart\u00e3o de loja, cart\u00e3o de cr\u00e9dito e mais","publisher":{"@id":"https:\/\/www.vocedm.com.br\/portal\/#organization"},"potentialAction":[{"@type":"SearchAction","target":{"@type":"EntryPoint","urlTemplate":"https:\/\/www.vocedm.com.br\/portal\/?s={search_term_string}"},"query-input":{"@type":"PropertyValueSpecification","valueRequired":true,"valueName":"search_term_string"}}],"inLanguage":"pt-BR"},{"@type":"Organization","@id":"https:\/\/www.vocedm.com.br\/portal\/#organization","name":"DM","url":"https:\/\/www.vocedm.com.br\/portal\/","logo":{"@type":"ImageObject","inLanguage":"pt-BR","@id":"https:\/\/www.vocedm.com.br\/portal\/#\/schema\/logo\/image\/","url":"https:\/\/www.vocedm.com.br\/portal\/wp-content\/uploads\/2025\/06\/logo_main_blue.svg","contentUrl":"https:\/\/www.vocedm.com.br\/portal\/wp-content\/uploads\/2025\/06\/logo_main_blue.svg","width":39,"height":40,"caption":"DM"},"image":{"@id":"https:\/\/www.vocedm.com.br\/portal\/#\/schema\/logo\/image\/"}}]}},"_links":{"self":[{"href":"https:\/\/www.vocedm.com.br\/portal\/wp-json\/wp\/v2\/pages\/259","targetHints":{"allow":["GET"]}}],"collection":[{"href":"https:\/\/www.vocedm.com.br\/portal\/wp-json\/wp\/v2\/pages"}],"about":[{"href":"https:\/\/www.vocedm.com.br\/portal\/wp-json\/wp\/v2\/types\/page"}],"author":[{"embeddable":true,"href":"https:\/\/www.vocedm.com.br\/portal\/wp-json\/wp\/v2\/users\/1"}],"replies":[{"embeddable":true,"href":"https:\/\/www.vocedm.com.br\/portal\/wp-json\/wp\/v2\/comments?post=259"}],"version-history":[{"count":21,"href":"https:\/\/www.vocedm.com.br\/portal\/wp-json\/wp\/v2\/pages\/259\/revisions"}],"predecessor-version":[{"id":2750,"href":"https:\/\/www.vocedm.com.br\/portal\/wp-json\/wp\/v2\/pages\/259\/revisions\/2750"}],"wp:attachment":[{"href":"https:\/\/www.vocedm.com.br\/portal\/wp-json\/wp\/v2\/media?parent=259"}],"curies":[{"name":"wp","href":"https:\/\/api.w.org\/{rel}","templated":true}]}}