{"id":2234,"date":"2025-07-15T16:03:09","date_gmt":"2025-07-15T19:03:09","guid":{"rendered":"https:\/\/homolog.meuprojetoweb.com.br\/website-voce-dm\/current\/?page_id=2234"},"modified":"2026-02-19T08:22:58","modified_gmt":"2026-02-19T11:22:58","slug":"termo-de-uso-do-servico-sms-alerta","status":"publish","type":"page","link":"https:\/\/www.vocedm.com.br\/portal\/contratos\/termo-de-uso-do-servico-sms-alerta\/","title":{"rendered":"Termo de Uso do Servi\u00e7o SMS Alerta"},"content":{"rendered":"\n<p>Para utiliza\u00e7\u00e3o do servi\u00e7o SMS ALERTA o(a) cliente declara ter lido e concordado com o presente Termo, devendo, em qualquer caso de discord\u00e2ncia com os termos abaixo mencionados, cessar imediatamente a utiliza\u00e7\u00e3o do servi\u00e7o SMS ALERTA ou solicitar o cancelamento pelos Canais de Atendimento. Ao aderir ao presente termo, o(a) cliente autoriza, para fins da Lei Geral de Prote\u00e7\u00e3o de Dados, o tr\u00e2nsito de seus dados em estrita conson\u00e2ncia com o disposto abaixo.<\/p>\n\n\n\n<p><strong>1. INFORMA\u00c7\u00c3O SOBRE O SERVI\u00c7O<\/strong><\/p>\n\n\n\n<p>1.1. O servi\u00e7o SMS ALERTA poder\u00e1 ser oferecido pela DM, emissora do cart\u00e3o do(a) cliente, quais sejam:<\/p>\n\n\n\n<ul class=\"wp-block-list\">\n<li>DM INSTITUI\u00c7\u00c3O DE PAGAMENTO S.A., com sede na Avenida Cassiano Ricardo, n\u00ba 521, 3\u00ba andar, torre B, sala 02, Bairro Parque Residencial Aquarius, Munic\u00edpio de S\u00e3o Jos\u00e9 dos Campos, Estado de S\u00e3o Paulo, inscrita no CNPJ\/MF sob o n\u00ba 16.581.207\/0001-37.<\/li>\n\n\n\n<li>DM CART\u00d5ES PL S.A., com sede na Avenida Cassiano Ricardo, n\u00ba 521, torre B, sala 15, Bairro Parque Residencial Aquarius, Munic\u00edpio de S\u00e3o Jos\u00e9 dos Campos, Estado de S\u00e3o Paulo, inscrita no CNPJ\/MF sob o n\u00ba 52.135.675\/0001-41.<\/li>\n\n\n\n<li>DM SOCIEDADE DE CR\u00c9DITO, FINANCIAMENTO E INVESTIMENTO S.A, com sede na Avenida Cassiano Ricardo, n\u00ba 521, torre B, sala 09, Bairro Parque Residencial Aquarius, Munic\u00edpio de S\u00e3o Jos\u00e9 dos Campos, Estado de S\u00e3o Paulo, inscrita no CNPJ\/MF sob o n\u00ba 91.669.747\/0001-92.<\/li>\n<\/ul>\n\n\n\n<p>1.2. O servi\u00e7o SMS ALERTA consiste no envio de mensagens de texto informativas, ao(a) cliente cadastrado(a) e com celulares digitais habilitados para receber SMS (<em>Short Message Service<\/em>), em territ\u00f3rio nacional, podendo se apresentar da seguinte forma:<br>i. Compras &#8211; transa\u00e7\u00f5es aprovadas realizadas pelo(a) cliente em territ\u00f3rio nacional. As mensagens enviadas ir\u00e3o informar dados referentes \u00e0 compra efetuada, como nome do estabelecimento, o nome do cart\u00e3o, data e hora da transa\u00e7\u00e3o e valor total da compra.<\/p>\n\n\n\n<p>1.3. A ades\u00e3o ao Servi\u00e7o SMS ALERTA poder\u00e1 ocorrer no ato da ades\u00e3o do cart\u00e3o pelo(a) cliente ou atrav\u00e9s dos canais de atendimento, sendo que poder\u00e1 ser cadastrado apenas um n\u00famero de celular para o recebimento das mensagens pelo(a) cliente.<\/p>\n\n\n\n<p>1.4. Independentemente de a transa\u00e7\u00e3o ser parcelada ou \u00e0 vista, a mensagem ser\u00e1 enviada na data da compra com o valor total da compra.<\/p>\n\n\n\n<p><strong>2. DAS LIMITA\u00c7\u00d5ES<\/strong><\/p>\n\n\n\n<p>2.1. O servi\u00e7o ser\u00e1 disponibilizado somente para pessoa f\u00edsica.<\/p>\n\n\n\n<p>2.2. No caso de o celular do(a) cliente n\u00e3o se encontrar dispon\u00edvel para recebimento de mensagens ser\u00e1 realizada nova tentativa de reenvio conforme disponibilidade da operadora de telefonia celular.<\/p>\n\n\n\n<p>2.3. Receber\u00e3o mensagens os celulares que:<br>i. Fizerem parte da rede digital de telefonia celular.<br>ii. Fizerem parte da \u00e1rea de cobertura digital.<br>iii. Estiverem habilitados a receber mensagens de texto.<br>iv. Estiverem com servi\u00e7o m\u00f3vel celular desbloqueado.<br>v. Estiverem em condi\u00e7\u00e3o de usu\u00e1rio ativo do sistema pr\u00e9-pago.<br>vi. Estiverem dentro da \u00e1rea de cobertura<br>vii. Estiverem ligados no momento do envio<br>viii. Estiverem no territ\u00f3rio nacional.<br>ix. Relacionados a cart\u00f5es que estiverem adimplentes com o servi\u00e7o SMS ALERTA<\/p>\n\n\n\n<p><strong>3. CUSTOS<\/strong><\/p>\n\n\n\n<p>3.1. Pela utiliza\u00e7\u00e3o deste servi\u00e7o, ser\u00e1 cobrado na fatura do cart\u00e3o do(a) cliente uma tarifa mensal de acordo com a tabela de pre\u00e7os vigente na data de contrata\u00e7\u00e3o do servi\u00e7o SMS ALERTA. O(A) cliente poder\u00e1 consultar o pre\u00e7o vigente no site da DM (<a href=\"https:\/\/www.vocedm.com.br\/portal\/wp-content\/uploads\/2025\/08\/TAB-CPL-001-TABELA-DE-TARIFAS_GRUPO-DM_vf-29.07.2025.pdf\">https:\/\/www.vocedm.com.br\/portal\/wp-content\/uploads\/2025\/08\/TAB-CPL-001-TABELA-DE-TARIFAS_GRUPO-DM_vf-29.07.2025.pdf<\/a>). <br>O(A) cliente ser\u00e1 previamente informado pela DM acerca de altera\u00e7\u00f5es na tabela de pre\u00e7os, nos termos da legisla\u00e7\u00e3o em vigor.<\/p>\n\n\n\n<p>3.2. A tarifa do servi\u00e7o SMS ALERTA contratado ser\u00e1 cobrada somente quando for emitida fatura do cart\u00e3o.<\/p>\n\n\n\n<p>3.3. O servi\u00e7o ser\u00e1 cobrado a partir da primeira fatura gerada ap\u00f3s a data de ades\u00e3o.<\/p>\n\n\n\n<p>3.4. A tarifa mensal ser\u00e1 cobrada independentemente da quantidade de mensagens recebidas pelo(a) cliente.<\/p>\n\n\n\n<p>3.5. A DM, a seu crit\u00e9rio, poder\u00e1, a qualquer tempo, estabelecer um per\u00edodo de gratuidade para o servi\u00e7o SMS ALERTA. Ap\u00f3s este per\u00edodo, o valor da tarifa do pacote adquirido, ser\u00e1 cobrado normalmente.<\/p>\n\n\n\n<p><strong>4. CANCELAMENTO<\/strong><\/p>\n\n\n\n<p>4.1. A solicita\u00e7\u00e3o de cancelamento pelo(a) cliente poder\u00e1 ser feita por meio dos canais de atendimento:<br><strong>Servi\u00e7o de Atendimento ao Cliente<\/strong><br>Atendimento ao Cliente todos os dias das 07h \u00e0s 22h<br>S\u00e3o Jos\u00e9 dos Campos, Jacare\u00ed e Ca\u00e7apava &#8211; (12) 2136-0100<br>Demais localidades &#8211; 0800 702 5004<\/p>\n\n\n\n<p>4.2. A DM poder\u00e1, a seu exclusivo crit\u00e9rio, cancelar o servi\u00e7o SMS ALERTA mediante aviso pr\u00e9vio ao(\u00e0) cliente.<\/p>\n\n\n\n<p><strong>5. RESPONSABILIDADE<\/strong><\/p>\n\n\n\n<p>5.1. A ades\u00e3o ao servi\u00e7o SMS ALERTA pelo(a) cliente, confirma a aceita\u00e7\u00e3o a esse Termo e autoriza o recebimento das mensagens, bem como outras informa\u00e7\u00f5es sobre as condi\u00e7\u00f5es necess\u00e1rias para o recebimento e envio das mensagens SMS (<em>Short Message Service<\/em>).<\/p>\n\n\n\n<p>5.2. Ap\u00f3s o envio da mensagem para o telefone celular do(a) cliente, a DM n\u00e3o mais consegue controlar o acesso a estas informa\u00e7\u00f5es, n\u00e3o tendo responsabilidade pelo uso indevido das informa\u00e7\u00f5es enviadas para o celular cadastrado pelo(a) cliente, cabendo ao(\u00e0) cliente sua guarda adequada e segura. O(A) cliente declara que as informa\u00e7\u00f5es declaradas quando da solicita\u00e7\u00e3o s\u00e3o ver\u00eddicas e que o sistema de telefonia celular utilizado e seu aparelho possuem capacidade para recebimento de mensagens de texto.<\/p>\n\n\n\n<p>5.2.1. Em caso de roubo ou extravio do celular, o(a) cliente \u00e9 respons\u00e1vel por solicitar o imediato bloqueio e\/ou cancelamento do servi\u00e7o SMS ALERTA, bem como pedido de exclus\u00e3o do cadastro do n\u00famero do celular roubado ou extraviado.<\/p>\n\n\n\n<p>5.3. O(A) cliente poder\u00e1 receber informa\u00e7\u00f5es de seus adicionais, sem acr\u00e9scimo de valores acima do valor total estabelecido.<\/p>\n\n\n\n<p>5.4. Ficar\u00e1 sob responsabilidade do(a) cliente participante ao servi\u00e7o SMS ALERTA, comunicar ao Servi\u00e7o de Atendimento ao Cliente qualquer altera\u00e7\u00e3o de seus dados cadastrais, incluindo o n\u00famero do telefone celular, operadora telef\u00f4nica, n\u00famero de cart\u00e3o, entre outros, sendo o \u00fanico respons\u00e1vel pelos preju\u00edzos ou qualquer dano ocorrido ou causado a ele em decorr\u00eancia da omiss\u00e3o ou n\u00e3o veracidade das informa\u00e7\u00f5es prestadas a DM.<\/p>\n\n\n\n<p>5.5. A DM ap\u00f3s o envio das mensagens para o telefone celular, n\u00e3o se responsabiliza:<br>i. por falhas ou desligamento do equipamento do(a) cliente;<br>ii. atraso no recebimento das mensagens por falha da operadora ou de terceiros;<br>iii. problemas nos servi\u00e7os que o(a) cliente tiver com a operadora de telefonia m\u00f3vel;<br>iv. inobserv\u00e2ncia de limites de hor\u00e1rio\/\u00e1rea de cobertura;<br>v. bloqueio do servi\u00e7o m\u00f3vel celular.<\/p>\n\n\n\n<p><strong>6. DISPOSI\u00c7\u00d5ES GERAIS<\/strong><\/p>\n\n\n\n<p>6.1. A DM poder\u00e1 introduzir altera\u00e7\u00f5es neste regulamento, ampliar a utiliza\u00e7\u00e3o do servi\u00e7o SMS ALERTA ou agregar-lhe outros servi\u00e7os e produtos mediante comunica\u00e7\u00e3o pr\u00e9via, de 45 (quarenta e cinco) dias. Essas altera\u00e7\u00f5es ser\u00e3o tidas como recebidas e aceitas mediante o pagamento da mensalidade a ser debitada na respectiva fatura do cart\u00e3o.<\/p>\n\n\n\n<p>6.2. Na hip\u00f3tese de o(a) cliente n\u00e3o concordar com as modifica\u00e7\u00f5es, poder\u00e1, no prazo de 7 (sete) dias, a contar com a data do recebimento da comunica\u00e7\u00e3o, exercer o direito de cancelamento.<\/p>\n\n\n\n<p>6.3. O(A) cliente autoriza que seu n\u00famero de telefone celular, indicado para recebimento das mensagens, seja repassado pela emissora \u00e0 empresa que operacionalizar\u00e1 o envio das mensagens, bem como para a operadora do celular para os fins de cumprimento do objeto destes Termos e Condi\u00e7\u00f5es de Uso.<\/p>\n\n\n\n<p>6.4. O servi\u00e7o SMS ALERTA ser\u00e1 prestado pela DM por si ou por prestadores de servi\u00e7o de tecnologia terceirizados, por prazo indeterminado.<\/p>\n\n\n\n<p>6.5. Este Termo de Ades\u00e3o e Condi\u00e7\u00f5es de Uso s\u00e3o somente para uso e acesso ao servi\u00e7o SMS ALERTA, raz\u00e3o pela qual restam em vigor todas as demais cl\u00e1usulas e condi\u00e7\u00f5es constantes no Contrato de Cart\u00e3o de Cr\u00e9dito.<\/p>\n\n\n\n<p>6.6. Este Termos e Condi\u00e7\u00f5es de Uso regem-se pela legisla\u00e7\u00e3o da Rep\u00fablica Federativa do Brasil.<\/p>\n\n\n\n<p>6.7. Eventuais d\u00favidas relativas ao servi\u00e7o SMS ALERTA, poder\u00e3o ser sanadas atrav\u00e9s do Servi\u00e7o de Atendimento ao Cliente.<br><\/p>\n\n\n\n<p>O(A) cliente declara que todos e cada um dos dados, por ele informado s\u00e3o verdadeiros, que tem conhecimento, aceita integralmente e sem restri\u00e7\u00f5es as presentes condi\u00e7\u00f5es. Ainda que leu e concorda com as condi\u00e7\u00f5es do servi\u00e7o.<\/p>\n","protected":false},"excerpt":{"rendered":"","protected":false},"author":1,"featured_media":0,"parent":142,"menu_order":0,"comment_status":"closed","ping_status":"closed","template":"","meta":{"_acf_changed":false,"inline_featured_image":false,"footnotes":""},"class_list":["post-2234","page","type-page","status-publish","hentry"],"acf":[],"yoast_head":"<!-- This site is optimized with the Yoast SEO plugin v25.6 - https:\/\/yoast.com\/wordpress\/plugins\/seo\/ -->\n<title>Termo de Uso do Servi\u00e7o SMS Alerta - DM<\/title>\n<meta name=\"robots\" content=\"index, follow, max-snippet:-1, max-image-preview:large, max-video-preview:-1\" \/>\n<link rel=\"canonical\" href=\"https:\/\/www.vocedm.com.br\/portal\/contratos\/termo-de-uso-do-servico-sms-alerta\/\" \/>\n<meta property=\"og:locale\" content=\"pt_BR\" \/>\n<meta property=\"og:type\" content=\"article\" \/>\n<meta property=\"og:title\" content=\"Termo de Uso do Servi\u00e7o SMS Alerta - DM\" \/>\n<meta property=\"og:url\" content=\"https:\/\/www.vocedm.com.br\/portal\/contratos\/termo-de-uso-do-servico-sms-alerta\/\" \/>\n<meta property=\"og:site_name\" content=\"DM\" \/>\n<meta property=\"article:modified_time\" content=\"2026-02-19T11:22:58+00:00\" \/>\n<meta name=\"twitter:card\" content=\"summary_large_image\" \/>\n<meta name=\"twitter:label1\" content=\"Est. tempo de leitura\" \/>\n\t<meta name=\"twitter:data1\" content=\"7 minutos\" \/>\n<script type=\"application\/ld+json\" class=\"yoast-schema-graph\">{\"@context\":\"https:\/\/schema.org\",\"@graph\":[{\"@type\":\"WebPage\",\"@id\":\"https:\/\/www.vocedm.com.br\/portal\/contratos\/termo-de-uso-do-servico-sms-alerta\/\",\"url\":\"https:\/\/www.vocedm.com.br\/portal\/contratos\/termo-de-uso-do-servico-sms-alerta\/\",\"name\":\"Termo de Uso do Servi\u00e7o SMS Alerta - DM\",\"isPartOf\":{\"@id\":\"https:\/\/www.vocedm.com.br\/portal\/#website\"},\"datePublished\":\"2025-07-15T19:03:09+00:00\",\"dateModified\":\"2026-02-19T11:22:58+00:00\",\"breadcrumb\":{\"@id\":\"https:\/\/www.vocedm.com.br\/portal\/contratos\/termo-de-uso-do-servico-sms-alerta\/#breadcrumb\"},\"inLanguage\":\"pt-BR\",\"potentialAction\":[{\"@type\":\"ReadAction\",\"target\":[\"https:\/\/www.vocedm.com.br\/portal\/contratos\/termo-de-uso-do-servico-sms-alerta\/\"]}]},{\"@type\":\"BreadcrumbList\",\"@id\":\"https:\/\/www.vocedm.com.br\/portal\/contratos\/termo-de-uso-do-servico-sms-alerta\/#breadcrumb\",\"itemListElement\":[{\"@type\":\"ListItem\",\"position\":1,\"name\":\"In\u00edcio\",\"item\":\"https:\/\/www.vocedm.com.br\/portal\/\"},{\"@type\":\"ListItem\",\"position\":2,\"name\":\"Contratos\",\"item\":\"https:\/\/www.vocedm.com.br\/portal\/contratos\/\"},{\"@type\":\"ListItem\",\"position\":3,\"name\":\"Termo de Uso do Servi\u00e7o SMS Alerta\"}]},{\"@type\":\"WebSite\",\"@id\":\"https:\/\/www.vocedm.com.br\/portal\/#website\",\"url\":\"https:\/\/www.vocedm.com.br\/portal\/\",\"name\":\"DM\",\"description\":\"\",\"publisher\":{\"@id\":\"https:\/\/www.vocedm.com.br\/portal\/#organization\"},\"potentialAction\":[{\"@type\":\"SearchAction\",\"target\":{\"@type\":\"EntryPoint\",\"urlTemplate\":\"https:\/\/www.vocedm.com.br\/portal\/?s={search_term_string}\"},\"query-input\":{\"@type\":\"PropertyValueSpecification\",\"valueRequired\":true,\"valueName\":\"search_term_string\"}}],\"inLanguage\":\"pt-BR\"},{\"@type\":\"Organization\",\"@id\":\"https:\/\/www.vocedm.com.br\/portal\/#organization\",\"name\":\"DM\",\"url\":\"https:\/\/www.vocedm.com.br\/portal\/\",\"logo\":{\"@type\":\"ImageObject\",\"inLanguage\":\"pt-BR\",\"@id\":\"https:\/\/www.vocedm.com.br\/portal\/#\/schema\/logo\/image\/\",\"url\":\"https:\/\/www.vocedm.com.br\/portal\/wp-content\/uploads\/2025\/06\/logo_main_blue.svg\",\"contentUrl\":\"https:\/\/www.vocedm.com.br\/portal\/wp-content\/uploads\/2025\/06\/logo_main_blue.svg\",\"width\":39,\"height\":40,\"caption\":\"DM\"},\"image\":{\"@id\":\"https:\/\/www.vocedm.com.br\/portal\/#\/schema\/logo\/image\/\"}}]}<\/script>\n<!-- \/ Yoast SEO plugin. -->","yoast_head_json":{"title":"Termo de Uso do Servi\u00e7o SMS Alerta - DM","robots":{"index":"index","follow":"follow","max-snippet":"max-snippet:-1","max-image-preview":"max-image-preview:large","max-video-preview":"max-video-preview:-1"},"canonical":"https:\/\/www.vocedm.com.br\/portal\/contratos\/termo-de-uso-do-servico-sms-alerta\/","og_locale":"pt_BR","og_type":"article","og_title":"Termo de Uso do Servi\u00e7o SMS Alerta - DM","og_url":"https:\/\/www.vocedm.com.br\/portal\/contratos\/termo-de-uso-do-servico-sms-alerta\/","og_site_name":"DM","article_modified_time":"2026-02-19T11:22:58+00:00","twitter_card":"summary_large_image","twitter_misc":{"Est. tempo de leitura":"7 minutos"},"schema":{"@context":"https:\/\/schema.org","@graph":[{"@type":"WebPage","@id":"https:\/\/www.vocedm.com.br\/portal\/contratos\/termo-de-uso-do-servico-sms-alerta\/","url":"https:\/\/www.vocedm.com.br\/portal\/contratos\/termo-de-uso-do-servico-sms-alerta\/","name":"Termo de Uso do Servi\u00e7o SMS Alerta - DM","isPartOf":{"@id":"https:\/\/www.vocedm.com.br\/portal\/#website"},"datePublished":"2025-07-15T19:03:09+00:00","dateModified":"2026-02-19T11:22:58+00:00","breadcrumb":{"@id":"https:\/\/www.vocedm.com.br\/portal\/contratos\/termo-de-uso-do-servico-sms-alerta\/#breadcrumb"},"inLanguage":"pt-BR","potentialAction":[{"@type":"ReadAction","target":["https:\/\/www.vocedm.com.br\/portal\/contratos\/termo-de-uso-do-servico-sms-alerta\/"]}]},{"@type":"BreadcrumbList","@id":"https:\/\/www.vocedm.com.br\/portal\/contratos\/termo-de-uso-do-servico-sms-alerta\/#breadcrumb","itemListElement":[{"@type":"ListItem","position":1,"name":"In\u00edcio","item":"https:\/\/www.vocedm.com.br\/portal\/"},{"@type":"ListItem","position":2,"name":"Contratos","item":"https:\/\/www.vocedm.com.br\/portal\/contratos\/"},{"@type":"ListItem","position":3,"name":"Termo de Uso do Servi\u00e7o SMS Alerta"}]},{"@type":"WebSite","@id":"https:\/\/www.vocedm.com.br\/portal\/#website","url":"https:\/\/www.vocedm.com.br\/portal\/","name":"DM","description":"","publisher":{"@id":"https:\/\/www.vocedm.com.br\/portal\/#organization"},"potentialAction":[{"@type":"SearchAction","target":{"@type":"EntryPoint","urlTemplate":"https:\/\/www.vocedm.com.br\/portal\/?s={search_term_string}"},"query-input":{"@type":"PropertyValueSpecification","valueRequired":true,"valueName":"search_term_string"}}],"inLanguage":"pt-BR"},{"@type":"Organization","@id":"https:\/\/www.vocedm.com.br\/portal\/#organization","name":"DM","url":"https:\/\/www.vocedm.com.br\/portal\/","logo":{"@type":"ImageObject","inLanguage":"pt-BR","@id":"https:\/\/www.vocedm.com.br\/portal\/#\/schema\/logo\/image\/","url":"https:\/\/www.vocedm.com.br\/portal\/wp-content\/uploads\/2025\/06\/logo_main_blue.svg","contentUrl":"https:\/\/www.vocedm.com.br\/portal\/wp-content\/uploads\/2025\/06\/logo_main_blue.svg","width":39,"height":40,"caption":"DM"},"image":{"@id":"https:\/\/www.vocedm.com.br\/portal\/#\/schema\/logo\/image\/"}}]}},"_links":{"self":[{"href":"https:\/\/www.vocedm.com.br\/portal\/wp-json\/wp\/v2\/pages\/2234","targetHints":{"allow":["GET"]}}],"collection":[{"href":"https:\/\/www.vocedm.com.br\/portal\/wp-json\/wp\/v2\/pages"}],"about":[{"href":"https:\/\/www.vocedm.com.br\/portal\/wp-json\/wp\/v2\/types\/page"}],"author":[{"embeddable":true,"href":"https:\/\/www.vocedm.com.br\/portal\/wp-json\/wp\/v2\/users\/1"}],"replies":[{"embeddable":true,"href":"https:\/\/www.vocedm.com.br\/portal\/wp-json\/wp\/v2\/comments?post=2234"}],"version-history":[{"count":4,"href":"https:\/\/www.vocedm.com.br\/portal\/wp-json\/wp\/v2\/pages\/2234\/revisions"}],"predecessor-version":[{"id":3194,"href":"https:\/\/www.vocedm.com.br\/portal\/wp-json\/wp\/v2\/pages\/2234\/revisions\/3194"}],"up":[{"embeddable":true,"href":"https:\/\/www.vocedm.com.br\/portal\/wp-json\/wp\/v2\/pages\/142"}],"wp:attachment":[{"href":"https:\/\/www.vocedm.com.br\/portal\/wp-json\/wp\/v2\/media?parent=2234"}],"curies":[{"name":"wp","href":"https:\/\/api.w.org\/{rel}","templated":true}]}}