{"id":1657,"date":"2025-07-08T19:08:13","date_gmt":"2025-07-08T22:08:13","guid":{"rendered":"https:\/\/homolog.meuprojetoweb.com.br\/website-voce-dm\/current\/?page_id=1657"},"modified":"2026-04-01T11:23:06","modified_gmt":"2026-04-01T14:23:06","slug":"pix-credito","status":"publish","type":"page","link":"https:\/\/www.vocedm.com.br\/portal\/pix-credito\/","title":{"rendered":"Pix no Cr\u00e9dito"},"content":{"rendered":"","protected":false},"excerpt":{"rendered":"","protected":false},"author":1,"featured_media":0,"parent":0,"menu_order":0,"comment_status":"closed","ping_status":"closed","template":"templates\/pix-credito.php","meta":{"_acf_changed":false,"inline_featured_image":false,"footnotes":""},"class_list":["post-1657","page","type-page","status-publish","hentry"],"acf":[],"yoast_head":"<!-- This site is optimized with the Yoast SEO plugin v25.6 - https:\/\/yoast.com\/wordpress\/plugins\/seo\/ -->\n<title>Pix com cart\u00e3o de cr\u00e9dito: r\u00e1pido, pr\u00e1tico e seguro<\/title>\n<meta name=\"description\" content=\"Com o Pix Cr\u00e9dito da DM, voc\u00ea faz transfer\u00eancias por Pix usando o limite do seu cart\u00e3o, sem precisar de saldo da conta.\" \/>\n<meta name=\"robots\" content=\"index, follow, max-snippet:-1, max-image-preview:large, max-video-preview:-1\" \/>\n<link rel=\"canonical\" href=\"https:\/\/www.vocedm.com.br\/portal\/pix-credito\/\" \/>\n<meta property=\"og:locale\" content=\"pt_BR\" \/>\n<meta property=\"og:type\" content=\"article\" \/>\n<meta property=\"og:title\" content=\"Pix com cart\u00e3o de cr\u00e9dito: r\u00e1pido, pr\u00e1tico e seguro\" \/>\n<meta property=\"og:description\" content=\"Com o Pix Cr\u00e9dito da DM, voc\u00ea faz transfer\u00eancias por Pix usando o limite do seu cart\u00e3o, sem precisar de saldo da conta.\" \/>\n<meta property=\"og:url\" content=\"https:\/\/www.vocedm.com.br\/portal\/pix-credito\/\" \/>\n<meta property=\"og:site_name\" content=\"DM\" \/>\n<meta property=\"article:modified_time\" content=\"2026-04-01T14:23:06+00:00\" \/>\n<meta name=\"twitter:card\" content=\"summary_large_image\" \/>\n<meta name=\"twitter:label1\" content=\"Est. tempo de leitura\" \/>\n\t<meta name=\"twitter:data1\" content=\"3 minutos\" \/>\n<script type=\"application\/ld+json\" class=\"yoast-schema-graph\">{\"@context\":\"https:\/\/schema.org\",\"@graph\":[{\"@type\":\"WebPage\",\"@id\":\"https:\/\/www.vocedm.com.br\/portal\/pix-credito\/\",\"url\":\"https:\/\/www.vocedm.com.br\/portal\/pix-credito\/\",\"name\":\"Pix com cart\u00e3o de cr\u00e9dito: r\u00e1pido, pr\u00e1tico e seguro\",\"isPartOf\":{\"@id\":\"https:\/\/www.vocedm.com.br\/portal\/#website\"},\"datePublished\":\"2025-07-08T22:08:13+00:00\",\"dateModified\":\"2026-04-01T14:23:06+00:00\",\"description\":\"Com o Pix Cr\u00e9dito da DM, voc\u00ea faz transfer\u00eancias por Pix usando o limite do seu cart\u00e3o, sem precisar de saldo da conta.\",\"breadcrumb\":{\"@id\":\"https:\/\/www.vocedm.com.br\/portal\/pix-credito\/#breadcrumb\"},\"inLanguage\":\"pt-BR\",\"potentialAction\":[{\"@type\":\"ReadAction\",\"target\":[\"https:\/\/www.vocedm.com.br\/portal\/pix-credito\/\"]}]},{\"@type\":\"BreadcrumbList\",\"@id\":\"https:\/\/www.vocedm.com.br\/portal\/pix-credito\/#breadcrumb\",\"itemListElement\":[{\"@type\":\"ListItem\",\"position\":1,\"name\":\"In\u00edcio\",\"item\":\"https:\/\/www.vocedm.com.br\/portal\/\"},{\"@type\":\"ListItem\",\"position\":2,\"name\":\"Pix no Cr\u00e9dito\"}]},{\"@type\":\"WebSite\",\"@id\":\"https:\/\/www.vocedm.com.br\/portal\/#website\",\"url\":\"https:\/\/www.vocedm.com.br\/portal\/\",\"name\":\"DM\",\"description\":\"cart\u00e3o de loja, cart\u00e3o de cr\u00e9dito e mais\",\"publisher\":{\"@id\":\"https:\/\/www.vocedm.com.br\/portal\/#organization\"},\"potentialAction\":[{\"@type\":\"SearchAction\",\"target\":{\"@type\":\"EntryPoint\",\"urlTemplate\":\"https:\/\/www.vocedm.com.br\/portal\/?s={search_term_string}\"},\"query-input\":{\"@type\":\"PropertyValueSpecification\",\"valueRequired\":true,\"valueName\":\"search_term_string\"}}],\"inLanguage\":\"pt-BR\"},{\"@type\":\"Organization\",\"@id\":\"https:\/\/www.vocedm.com.br\/portal\/#organization\",\"name\":\"DM\",\"url\":\"https:\/\/www.vocedm.com.br\/portal\/\",\"logo\":{\"@type\":\"ImageObject\",\"inLanguage\":\"pt-BR\",\"@id\":\"https:\/\/www.vocedm.com.br\/portal\/#\/schema\/logo\/image\/\",\"url\":\"https:\/\/www.vocedm.com.br\/portal\/wp-content\/uploads\/2025\/06\/logo_main_blue.svg\",\"contentUrl\":\"https:\/\/www.vocedm.com.br\/portal\/wp-content\/uploads\/2025\/06\/logo_main_blue.svg\",\"width\":39,\"height\":40,\"caption\":\"DM\"},\"image\":{\"@id\":\"https:\/\/www.vocedm.com.br\/portal\/#\/schema\/logo\/image\/\"}}]}<\/script>\n<!-- \/ Yoast SEO plugin. -->","yoast_head_json":{"title":"Pix com cart\u00e3o de cr\u00e9dito: r\u00e1pido, pr\u00e1tico e seguro","description":"Com o Pix Cr\u00e9dito da DM, voc\u00ea faz transfer\u00eancias por Pix usando o limite do seu cart\u00e3o, sem precisar de saldo da conta.","robots":{"index":"index","follow":"follow","max-snippet":"max-snippet:-1","max-image-preview":"max-image-preview:large","max-video-preview":"max-video-preview:-1"},"canonical":"https:\/\/www.vocedm.com.br\/portal\/pix-credito\/","og_locale":"pt_BR","og_type":"article","og_title":"Pix com cart\u00e3o de cr\u00e9dito: r\u00e1pido, pr\u00e1tico e seguro","og_description":"Com o Pix Cr\u00e9dito da DM, voc\u00ea faz transfer\u00eancias por Pix usando o limite do seu cart\u00e3o, sem precisar de saldo da conta.","og_url":"https:\/\/www.vocedm.com.br\/portal\/pix-credito\/","og_site_name":"DM","article_modified_time":"2026-04-01T14:23:06+00:00","twitter_card":"summary_large_image","twitter_misc":{"Est. tempo de leitura":"3 minutos"},"schema":{"@context":"https:\/\/schema.org","@graph":[{"@type":"WebPage","@id":"https:\/\/www.vocedm.com.br\/portal\/pix-credito\/","url":"https:\/\/www.vocedm.com.br\/portal\/pix-credito\/","name":"Pix com cart\u00e3o de cr\u00e9dito: r\u00e1pido, pr\u00e1tico e seguro","isPartOf":{"@id":"https:\/\/www.vocedm.com.br\/portal\/#website"},"datePublished":"2025-07-08T22:08:13+00:00","dateModified":"2026-04-01T14:23:06+00:00","description":"Com o Pix Cr\u00e9dito da DM, voc\u00ea faz transfer\u00eancias por Pix usando o limite do seu cart\u00e3o, sem precisar de saldo da conta.","breadcrumb":{"@id":"https:\/\/www.vocedm.com.br\/portal\/pix-credito\/#breadcrumb"},"inLanguage":"pt-BR","potentialAction":[{"@type":"ReadAction","target":["https:\/\/www.vocedm.com.br\/portal\/pix-credito\/"]}]},{"@type":"BreadcrumbList","@id":"https:\/\/www.vocedm.com.br\/portal\/pix-credito\/#breadcrumb","itemListElement":[{"@type":"ListItem","position":1,"name":"In\u00edcio","item":"https:\/\/www.vocedm.com.br\/portal\/"},{"@type":"ListItem","position":2,"name":"Pix no Cr\u00e9dito"}]},{"@type":"WebSite","@id":"https:\/\/www.vocedm.com.br\/portal\/#website","url":"https:\/\/www.vocedm.com.br\/portal\/","name":"DM","description":"cart\u00e3o de loja, cart\u00e3o de cr\u00e9dito e mais","publisher":{"@id":"https:\/\/www.vocedm.com.br\/portal\/#organization"},"potentialAction":[{"@type":"SearchAction","target":{"@type":"EntryPoint","urlTemplate":"https:\/\/www.vocedm.com.br\/portal\/?s={search_term_string}"},"query-input":{"@type":"PropertyValueSpecification","valueRequired":true,"valueName":"search_term_string"}}],"inLanguage":"pt-BR"},{"@type":"Organization","@id":"https:\/\/www.vocedm.com.br\/portal\/#organization","name":"DM","url":"https:\/\/www.vocedm.com.br\/portal\/","logo":{"@type":"ImageObject","inLanguage":"pt-BR","@id":"https:\/\/www.vocedm.com.br\/portal\/#\/schema\/logo\/image\/","url":"https:\/\/www.vocedm.com.br\/portal\/wp-content\/uploads\/2025\/06\/logo_main_blue.svg","contentUrl":"https:\/\/www.vocedm.com.br\/portal\/wp-content\/uploads\/2025\/06\/logo_main_blue.svg","width":39,"height":40,"caption":"DM"},"image":{"@id":"https:\/\/www.vocedm.com.br\/portal\/#\/schema\/logo\/image\/"}}]}},"_links":{"self":[{"href":"https:\/\/www.vocedm.com.br\/portal\/wp-json\/wp\/v2\/pages\/1657","targetHints":{"allow":["GET"]}}],"collection":[{"href":"https:\/\/www.vocedm.com.br\/portal\/wp-json\/wp\/v2\/pages"}],"about":[{"href":"https:\/\/www.vocedm.com.br\/portal\/wp-json\/wp\/v2\/types\/page"}],"author":[{"embeddable":true,"href":"https:\/\/www.vocedm.com.br\/portal\/wp-json\/wp\/v2\/users\/1"}],"replies":[{"embeddable":true,"href":"https:\/\/www.vocedm.com.br\/portal\/wp-json\/wp\/v2\/comments?post=1657"}],"version-history":[{"count":15,"href":"https:\/\/www.vocedm.com.br\/portal\/wp-json\/wp\/v2\/pages\/1657\/revisions"}],"predecessor-version":[{"id":3309,"href":"https:\/\/www.vocedm.com.br\/portal\/wp-json\/wp\/v2\/pages\/1657\/revisions\/3309"}],"wp:attachment":[{"href":"https:\/\/www.vocedm.com.br\/portal\/wp-json\/wp\/v2\/media?parent=1657"}],"curies":[{"name":"wp","href":"https:\/\/api.w.org\/{rel}","templated":true}]}}