{"id":1611,"date":"2025-07-08T18:22:07","date_gmt":"2025-07-08T21:22:07","guid":{"rendered":"https:\/\/homolog.meuprojetoweb.com.br\/website-voce-dm\/current\/?page_id=1611"},"modified":"2026-05-05T16:57:55","modified_gmt":"2026-05-05T19:57:55","slug":"dm-emprestimo","status":"publish","type":"page","link":"https:\/\/www.vocedm.com.br\/portal\/dm-emprestimo\/","title":{"rendered":"DM Empr\u00e9stimo"},"content":{"rendered":"","protected":false},"excerpt":{"rendered":"","protected":false},"author":1,"featured_media":0,"parent":0,"menu_order":0,"comment_status":"closed","ping_status":"closed","template":"templates\/dm-emprestimo.php","meta":{"_acf_changed":false,"inline_featured_image":false,"footnotes":""},"class_list":["post-1611","page","type-page","status-publish","hentry"],"acf":[],"yoast_head":"<!-- This site is optimized with the Yoast SEO plugin v25.6 - https:\/\/yoast.com\/wordpress\/plugins\/seo\/ -->\n<title>DM Empr\u00e9stimo Pessoal<\/title>\n<meta name=\"description\" content=\"Dinheiro extra pra resolver um imprevisto, quitar uma d\u00edvida ou tirar os planos do papel. Contrate 100% online, de forma r\u00e1pida e segura!\" \/>\n<meta name=\"robots\" content=\"index, follow, max-snippet:-1, max-image-preview:large, max-video-preview:-1\" \/>\n<link rel=\"canonical\" href=\"https:\/\/www.vocedm.com.br\/portal\/dm-emprestimo\/\" \/>\n<meta property=\"og:locale\" content=\"pt_BR\" \/>\n<meta property=\"og:type\" content=\"article\" \/>\n<meta property=\"og:title\" content=\"DM Empr\u00e9stimo Pessoal\" \/>\n<meta property=\"og:description\" content=\"Dinheiro extra pra resolver um imprevisto, quitar uma d\u00edvida ou tirar os planos do papel. Contrate 100% online, de forma r\u00e1pida e segura!\" \/>\n<meta property=\"og:url\" content=\"https:\/\/www.vocedm.com.br\/portal\/dm-emprestimo\/\" \/>\n<meta property=\"og:site_name\" content=\"DM\" \/>\n<meta property=\"article:modified_time\" content=\"2026-05-05T19:57:55+00:00\" \/>\n<meta name=\"twitter:card\" content=\"summary_large_image\" \/>\n<meta name=\"twitter:label1\" content=\"Est. tempo de leitura\" \/>\n\t<meta name=\"twitter:data1\" content=\"4 minutos\" \/>\n<script type=\"application\/ld+json\" class=\"yoast-schema-graph\">{\"@context\":\"https:\/\/schema.org\",\"@graph\":[{\"@type\":\"WebPage\",\"@id\":\"https:\/\/www.vocedm.com.br\/portal\/dm-emprestimo\/\",\"url\":\"https:\/\/www.vocedm.com.br\/portal\/dm-emprestimo\/\",\"name\":\"DM Empr\u00e9stimo Pessoal\",\"isPartOf\":{\"@id\":\"https:\/\/www.vocedm.com.br\/portal\/#website\"},\"datePublished\":\"2025-07-08T21:22:07+00:00\",\"dateModified\":\"2026-05-05T19:57:55+00:00\",\"description\":\"Dinheiro extra pra resolver um imprevisto, quitar uma d\u00edvida ou tirar os planos do papel. Contrate 100% online, de forma r\u00e1pida e segura!\",\"breadcrumb\":{\"@id\":\"https:\/\/www.vocedm.com.br\/portal\/dm-emprestimo\/#breadcrumb\"},\"inLanguage\":\"pt-BR\",\"potentialAction\":[{\"@type\":\"ReadAction\",\"target\":[\"https:\/\/www.vocedm.com.br\/portal\/dm-emprestimo\/\"]}]},{\"@type\":\"BreadcrumbList\",\"@id\":\"https:\/\/www.vocedm.com.br\/portal\/dm-emprestimo\/#breadcrumb\",\"itemListElement\":[{\"@type\":\"ListItem\",\"position\":1,\"name\":\"In\u00edcio\",\"item\":\"https:\/\/www.vocedm.com.br\/portal\/\"},{\"@type\":\"ListItem\",\"position\":2,\"name\":\"DM Empr\u00e9stimo\"}]},{\"@type\":\"WebSite\",\"@id\":\"https:\/\/www.vocedm.com.br\/portal\/#website\",\"url\":\"https:\/\/www.vocedm.com.br\/portal\/\",\"name\":\"DM\",\"description\":\"cart\u00e3o de loja, cart\u00e3o de cr\u00e9dito e mais\",\"publisher\":{\"@id\":\"https:\/\/www.vocedm.com.br\/portal\/#organization\"},\"potentialAction\":[{\"@type\":\"SearchAction\",\"target\":{\"@type\":\"EntryPoint\",\"urlTemplate\":\"https:\/\/www.vocedm.com.br\/portal\/?s={search_term_string}\"},\"query-input\":{\"@type\":\"PropertyValueSpecification\",\"valueRequired\":true,\"valueName\":\"search_term_string\"}}],\"inLanguage\":\"pt-BR\"},{\"@type\":\"Organization\",\"@id\":\"https:\/\/www.vocedm.com.br\/portal\/#organization\",\"name\":\"DM\",\"url\":\"https:\/\/www.vocedm.com.br\/portal\/\",\"logo\":{\"@type\":\"ImageObject\",\"inLanguage\":\"pt-BR\",\"@id\":\"https:\/\/www.vocedm.com.br\/portal\/#\/schema\/logo\/image\/\",\"url\":\"https:\/\/www.vocedm.com.br\/portal\/wp-content\/uploads\/2025\/06\/logo_main_blue.svg\",\"contentUrl\":\"https:\/\/www.vocedm.com.br\/portal\/wp-content\/uploads\/2025\/06\/logo_main_blue.svg\",\"width\":39,\"height\":40,\"caption\":\"DM\"},\"image\":{\"@id\":\"https:\/\/www.vocedm.com.br\/portal\/#\/schema\/logo\/image\/\"}}]}<\/script>\n<!-- \/ Yoast SEO plugin. -->","yoast_head_json":{"title":"DM Empr\u00e9stimo Pessoal","description":"Dinheiro extra pra resolver um imprevisto, quitar uma d\u00edvida ou tirar os planos do papel. Contrate 100% online, de forma r\u00e1pida e segura!","robots":{"index":"index","follow":"follow","max-snippet":"max-snippet:-1","max-image-preview":"max-image-preview:large","max-video-preview":"max-video-preview:-1"},"canonical":"https:\/\/www.vocedm.com.br\/portal\/dm-emprestimo\/","og_locale":"pt_BR","og_type":"article","og_title":"DM Empr\u00e9stimo Pessoal","og_description":"Dinheiro extra pra resolver um imprevisto, quitar uma d\u00edvida ou tirar os planos do papel. Contrate 100% online, de forma r\u00e1pida e segura!","og_url":"https:\/\/www.vocedm.com.br\/portal\/dm-emprestimo\/","og_site_name":"DM","article_modified_time":"2026-05-05T19:57:55+00:00","twitter_card":"summary_large_image","twitter_misc":{"Est. tempo de leitura":"4 minutos"},"schema":{"@context":"https:\/\/schema.org","@graph":[{"@type":"WebPage","@id":"https:\/\/www.vocedm.com.br\/portal\/dm-emprestimo\/","url":"https:\/\/www.vocedm.com.br\/portal\/dm-emprestimo\/","name":"DM Empr\u00e9stimo Pessoal","isPartOf":{"@id":"https:\/\/www.vocedm.com.br\/portal\/#website"},"datePublished":"2025-07-08T21:22:07+00:00","dateModified":"2026-05-05T19:57:55+00:00","description":"Dinheiro extra pra resolver um imprevisto, quitar uma d\u00edvida ou tirar os planos do papel. Contrate 100% online, de forma r\u00e1pida e segura!","breadcrumb":{"@id":"https:\/\/www.vocedm.com.br\/portal\/dm-emprestimo\/#breadcrumb"},"inLanguage":"pt-BR","potentialAction":[{"@type":"ReadAction","target":["https:\/\/www.vocedm.com.br\/portal\/dm-emprestimo\/"]}]},{"@type":"BreadcrumbList","@id":"https:\/\/www.vocedm.com.br\/portal\/dm-emprestimo\/#breadcrumb","itemListElement":[{"@type":"ListItem","position":1,"name":"In\u00edcio","item":"https:\/\/www.vocedm.com.br\/portal\/"},{"@type":"ListItem","position":2,"name":"DM Empr\u00e9stimo"}]},{"@type":"WebSite","@id":"https:\/\/www.vocedm.com.br\/portal\/#website","url":"https:\/\/www.vocedm.com.br\/portal\/","name":"DM","description":"cart\u00e3o de loja, cart\u00e3o de cr\u00e9dito e mais","publisher":{"@id":"https:\/\/www.vocedm.com.br\/portal\/#organization"},"potentialAction":[{"@type":"SearchAction","target":{"@type":"EntryPoint","urlTemplate":"https:\/\/www.vocedm.com.br\/portal\/?s={search_term_string}"},"query-input":{"@type":"PropertyValueSpecification","valueRequired":true,"valueName":"search_term_string"}}],"inLanguage":"pt-BR"},{"@type":"Organization","@id":"https:\/\/www.vocedm.com.br\/portal\/#organization","name":"DM","url":"https:\/\/www.vocedm.com.br\/portal\/","logo":{"@type":"ImageObject","inLanguage":"pt-BR","@id":"https:\/\/www.vocedm.com.br\/portal\/#\/schema\/logo\/image\/","url":"https:\/\/www.vocedm.com.br\/portal\/wp-content\/uploads\/2025\/06\/logo_main_blue.svg","contentUrl":"https:\/\/www.vocedm.com.br\/portal\/wp-content\/uploads\/2025\/06\/logo_main_blue.svg","width":39,"height":40,"caption":"DM"},"image":{"@id":"https:\/\/www.vocedm.com.br\/portal\/#\/schema\/logo\/image\/"}}]}},"_links":{"self":[{"href":"https:\/\/www.vocedm.com.br\/portal\/wp-json\/wp\/v2\/pages\/1611","targetHints":{"allow":["GET"]}}],"collection":[{"href":"https:\/\/www.vocedm.com.br\/portal\/wp-json\/wp\/v2\/pages"}],"about":[{"href":"https:\/\/www.vocedm.com.br\/portal\/wp-json\/wp\/v2\/types\/page"}],"author":[{"embeddable":true,"href":"https:\/\/www.vocedm.com.br\/portal\/wp-json\/wp\/v2\/users\/1"}],"replies":[{"embeddable":true,"href":"https:\/\/www.vocedm.com.br\/portal\/wp-json\/wp\/v2\/comments?post=1611"}],"version-history":[{"count":26,"href":"https:\/\/www.vocedm.com.br\/portal\/wp-json\/wp\/v2\/pages\/1611\/revisions"}],"predecessor-version":[{"id":3534,"href":"https:\/\/www.vocedm.com.br\/portal\/wp-json\/wp\/v2\/pages\/1611\/revisions\/3534"}],"wp:attachment":[{"href":"https:\/\/www.vocedm.com.br\/portal\/wp-json\/wp\/v2\/media?parent=1611"}],"curies":[{"name":"wp","href":"https:\/\/api.w.org\/{rel}","templated":true}]}}