{"id":13,"date":"2025-05-30T21:33:52","date_gmt":"2025-05-31T00:33:52","guid":{"rendered":"http:\/\/localhost:8080\/website-voce-dm\/?page_id=13"},"modified":"2026-04-02T15:04:15","modified_gmt":"2026-04-02T18:04:15","slug":"governanca","status":"publish","type":"page","link":"https:\/\/www.vocedm.com.br\/portal\/governanca\/","title":{"rendered":"Governan\u00e7a"},"content":{"rendered":"","protected":false},"excerpt":{"rendered":"","protected":false},"author":1,"featured_media":0,"parent":0,"menu_order":0,"comment_status":"closed","ping_status":"closed","template":"templates\/governanca.php","meta":{"_acf_changed":false,"inline_featured_image":false,"footnotes":""},"class_list":["post-13","page","type-page","status-publish","hentry"],"acf":[],"yoast_head":"<!-- This site is optimized with the Yoast SEO plugin v25.6 - https:\/\/yoast.com\/wordpress\/plugins\/seo\/ -->\n<title>Governan\u00e7a DM<\/title>\n<meta name=\"description\" content=\"Aqui voc\u00ea encontra todas as nossas pol\u00edticas e relat\u00f3rios, refor\u00e7ando nosso compromisso com a transpar\u00eancia da nossa gest\u00e3o corporativa.\" \/>\n<meta name=\"robots\" content=\"index, follow, max-snippet:-1, max-image-preview:large, max-video-preview:-1\" \/>\n<link rel=\"canonical\" href=\"https:\/\/www.vocedm.com.br\/portal\/governanca\/\" \/>\n<meta property=\"og:locale\" content=\"pt_BR\" \/>\n<meta property=\"og:type\" content=\"article\" \/>\n<meta property=\"og:title\" content=\"Governan\u00e7a DM\" \/>\n<meta property=\"og:description\" content=\"Aqui voc\u00ea encontra todas as nossas pol\u00edticas e relat\u00f3rios, refor\u00e7ando nosso compromisso com a transpar\u00eancia da nossa gest\u00e3o corporativa.\" \/>\n<meta property=\"og:url\" content=\"https:\/\/www.vocedm.com.br\/portal\/governanca\/\" \/>\n<meta property=\"og:site_name\" content=\"DM\" \/>\n<meta property=\"article:modified_time\" content=\"2026-04-02T18:04:15+00:00\" \/>\n<meta name=\"twitter:card\" content=\"summary_large_image\" \/>\n<meta name=\"twitter:label1\" content=\"Est. tempo de leitura\" \/>\n\t<meta name=\"twitter:data1\" content=\"2 minutos\" \/>\n<script type=\"application\/ld+json\" class=\"yoast-schema-graph\">{\"@context\":\"https:\/\/schema.org\",\"@graph\":[{\"@type\":\"WebPage\",\"@id\":\"https:\/\/www.vocedm.com.br\/portal\/governanca\/\",\"url\":\"https:\/\/www.vocedm.com.br\/portal\/governanca\/\",\"name\":\"Governan\u00e7a DM\",\"isPartOf\":{\"@id\":\"https:\/\/www.vocedm.com.br\/portal\/#website\"},\"datePublished\":\"2025-05-31T00:33:52+00:00\",\"dateModified\":\"2026-04-02T18:04:15+00:00\",\"description\":\"Aqui voc\u00ea encontra todas as nossas pol\u00edticas e relat\u00f3rios, refor\u00e7ando nosso compromisso com a transpar\u00eancia da nossa gest\u00e3o corporativa.\",\"breadcrumb\":{\"@id\":\"https:\/\/www.vocedm.com.br\/portal\/governanca\/#breadcrumb\"},\"inLanguage\":\"pt-BR\",\"potentialAction\":[{\"@type\":\"ReadAction\",\"target\":[\"https:\/\/www.vocedm.com.br\/portal\/governanca\/\"]}]},{\"@type\":\"BreadcrumbList\",\"@id\":\"https:\/\/www.vocedm.com.br\/portal\/governanca\/#breadcrumb\",\"itemListElement\":[{\"@type\":\"ListItem\",\"position\":1,\"name\":\"In\u00edcio\",\"item\":\"https:\/\/www.vocedm.com.br\/portal\/\"},{\"@type\":\"ListItem\",\"position\":2,\"name\":\"Governan\u00e7a\"}]},{\"@type\":\"WebSite\",\"@id\":\"https:\/\/www.vocedm.com.br\/portal\/#website\",\"url\":\"https:\/\/www.vocedm.com.br\/portal\/\",\"name\":\"DM\",\"description\":\"\",\"publisher\":{\"@id\":\"https:\/\/www.vocedm.com.br\/portal\/#organization\"},\"potentialAction\":[{\"@type\":\"SearchAction\",\"target\":{\"@type\":\"EntryPoint\",\"urlTemplate\":\"https:\/\/www.vocedm.com.br\/portal\/?s={search_term_string}\"},\"query-input\":{\"@type\":\"PropertyValueSpecification\",\"valueRequired\":true,\"valueName\":\"search_term_string\"}}],\"inLanguage\":\"pt-BR\"},{\"@type\":\"Organization\",\"@id\":\"https:\/\/www.vocedm.com.br\/portal\/#organization\",\"name\":\"DM\",\"url\":\"https:\/\/www.vocedm.com.br\/portal\/\",\"logo\":{\"@type\":\"ImageObject\",\"inLanguage\":\"pt-BR\",\"@id\":\"https:\/\/www.vocedm.com.br\/portal\/#\/schema\/logo\/image\/\",\"url\":\"https:\/\/www.vocedm.com.br\/portal\/wp-content\/uploads\/2025\/06\/logo_main_blue.svg\",\"contentUrl\":\"https:\/\/www.vocedm.com.br\/portal\/wp-content\/uploads\/2025\/06\/logo_main_blue.svg\",\"width\":39,\"height\":40,\"caption\":\"DM\"},\"image\":{\"@id\":\"https:\/\/www.vocedm.com.br\/portal\/#\/schema\/logo\/image\/\"}}]}<\/script>\n<!-- \/ Yoast SEO plugin. -->","yoast_head_json":{"title":"Governan\u00e7a DM","description":"Aqui voc\u00ea encontra todas as nossas pol\u00edticas e relat\u00f3rios, refor\u00e7ando nosso compromisso com a transpar\u00eancia da nossa gest\u00e3o corporativa.","robots":{"index":"index","follow":"follow","max-snippet":"max-snippet:-1","max-image-preview":"max-image-preview:large","max-video-preview":"max-video-preview:-1"},"canonical":"https:\/\/www.vocedm.com.br\/portal\/governanca\/","og_locale":"pt_BR","og_type":"article","og_title":"Governan\u00e7a DM","og_description":"Aqui voc\u00ea encontra todas as nossas pol\u00edticas e relat\u00f3rios, refor\u00e7ando nosso compromisso com a transpar\u00eancia da nossa gest\u00e3o corporativa.","og_url":"https:\/\/www.vocedm.com.br\/portal\/governanca\/","og_site_name":"DM","article_modified_time":"2026-04-02T18:04:15+00:00","twitter_card":"summary_large_image","twitter_misc":{"Est. tempo de leitura":"2 minutos"},"schema":{"@context":"https:\/\/schema.org","@graph":[{"@type":"WebPage","@id":"https:\/\/www.vocedm.com.br\/portal\/governanca\/","url":"https:\/\/www.vocedm.com.br\/portal\/governanca\/","name":"Governan\u00e7a DM","isPartOf":{"@id":"https:\/\/www.vocedm.com.br\/portal\/#website"},"datePublished":"2025-05-31T00:33:52+00:00","dateModified":"2026-04-02T18:04:15+00:00","description":"Aqui voc\u00ea encontra todas as nossas pol\u00edticas e relat\u00f3rios, refor\u00e7ando nosso compromisso com a transpar\u00eancia da nossa gest\u00e3o corporativa.","breadcrumb":{"@id":"https:\/\/www.vocedm.com.br\/portal\/governanca\/#breadcrumb"},"inLanguage":"pt-BR","potentialAction":[{"@type":"ReadAction","target":["https:\/\/www.vocedm.com.br\/portal\/governanca\/"]}]},{"@type":"BreadcrumbList","@id":"https:\/\/www.vocedm.com.br\/portal\/governanca\/#breadcrumb","itemListElement":[{"@type":"ListItem","position":1,"name":"In\u00edcio","item":"https:\/\/www.vocedm.com.br\/portal\/"},{"@type":"ListItem","position":2,"name":"Governan\u00e7a"}]},{"@type":"WebSite","@id":"https:\/\/www.vocedm.com.br\/portal\/#website","url":"https:\/\/www.vocedm.com.br\/portal\/","name":"DM","description":"","publisher":{"@id":"https:\/\/www.vocedm.com.br\/portal\/#organization"},"potentialAction":[{"@type":"SearchAction","target":{"@type":"EntryPoint","urlTemplate":"https:\/\/www.vocedm.com.br\/portal\/?s={search_term_string}"},"query-input":{"@type":"PropertyValueSpecification","valueRequired":true,"valueName":"search_term_string"}}],"inLanguage":"pt-BR"},{"@type":"Organization","@id":"https:\/\/www.vocedm.com.br\/portal\/#organization","name":"DM","url":"https:\/\/www.vocedm.com.br\/portal\/","logo":{"@type":"ImageObject","inLanguage":"pt-BR","@id":"https:\/\/www.vocedm.com.br\/portal\/#\/schema\/logo\/image\/","url":"https:\/\/www.vocedm.com.br\/portal\/wp-content\/uploads\/2025\/06\/logo_main_blue.svg","contentUrl":"https:\/\/www.vocedm.com.br\/portal\/wp-content\/uploads\/2025\/06\/logo_main_blue.svg","width":39,"height":40,"caption":"DM"},"image":{"@id":"https:\/\/www.vocedm.com.br\/portal\/#\/schema\/logo\/image\/"}}]}},"_links":{"self":[{"href":"https:\/\/www.vocedm.com.br\/portal\/wp-json\/wp\/v2\/pages\/13","targetHints":{"allow":["GET"]}}],"collection":[{"href":"https:\/\/www.vocedm.com.br\/portal\/wp-json\/wp\/v2\/pages"}],"about":[{"href":"https:\/\/www.vocedm.com.br\/portal\/wp-json\/wp\/v2\/types\/page"}],"author":[{"embeddable":true,"href":"https:\/\/www.vocedm.com.br\/portal\/wp-json\/wp\/v2\/users\/1"}],"replies":[{"embeddable":true,"href":"https:\/\/www.vocedm.com.br\/portal\/wp-json\/wp\/v2\/comments?post=13"}],"version-history":[{"count":22,"href":"https:\/\/www.vocedm.com.br\/portal\/wp-json\/wp\/v2\/pages\/13\/revisions"}],"predecessor-version":[{"id":3322,"href":"https:\/\/www.vocedm.com.br\/portal\/wp-json\/wp\/v2\/pages\/13\/revisions\/3322"}],"wp:attachment":[{"href":"https:\/\/www.vocedm.com.br\/portal\/wp-json\/wp\/v2\/media?parent=13"}],"curies":[{"name":"wp","href":"https:\/\/api.w.org\/{rel}","templated":true}]}}